{"id":24,"date":"2017-08-31T11:22:42","date_gmt":"2017-08-31T11:22:42","guid":{"rendered":"http:\/\/reinform.tkdemos.com\/?page_id=24"},"modified":"2020-09-18T00:58:58","modified_gmt":"2020-09-18T00:58:58","slug":"info","status":"publish","type":"page","link":"https:\/\/enef-concept.com\/srpski\/","title":{"rendered":"Pocetna"},"content":{"rendered":"\n<h1 class=\"xl-font-size\" style=\"text-align:center\">Izra\u0111ujemo inovativne projekte za odr\u017eivi razvoj zgrada, gradova i dru\u0161tva<br> tako \u0161to povezujemo\narhitekturu, in\u017eenjerstvo, ekonomiju, dobrobit ljudi i \u017eivotne sredine. \n<\/h1>\n","protected":false},"excerpt":{"rendered":"<p>Izra\u0111ujemo inovativne projekte za odr\u017eivi razvoj zgrada, gradova i dru\u0161tva tako \u0161to povezujemo arhitekturu, in\u017eenjerstvo, ekonomiju, dobrobit ljudi i \u017eivotne sredine.<\/p>\n","protected":false},"author":1,"featured_media":1807,"parent":0,"menu_order":0,"comment_status":"closed","ping_status":"closed","template":"templates\/info-page.php","meta":{"spay_email":""},"_links":{"self":[{"href":"https:\/\/enef-concept.com\/srpski\/wp-json\/wp\/v2\/pages\/24"}],"collection":[{"href":"https:\/\/enef-concept.com\/srpski\/wp-json\/wp\/v2\/pages"}],"about":[{"href":"https:\/\/enef-concept.com\/srpski\/wp-json\/wp\/v2\/types\/page"}],"author":[{"embeddable":true,"href":"https:\/\/enef-concept.com\/srpski\/wp-json\/wp\/v2\/users\/1"}],"replies":[{"embeddable":true,"href":"https:\/\/enef-concept.com\/srpski\/wp-json\/wp\/v2\/comments?post=24"}],"version-history":[{"count":8,"href":"https:\/\/enef-concept.com\/srpski\/wp-json\/wp\/v2\/pages\/24\/revisions"}],"predecessor-version":[{"id":2042,"href":"https:\/\/enef-concept.com\/srpski\/wp-json\/wp\/v2\/pages\/24\/revisions\/2042"}],"wp:featuredmedia":[{"embeddable":true,"href":"https:\/\/enef-concept.com\/srpski\/wp-json\/wp\/v2\/media\/1807"}],"wp:attachment":[{"href":"https:\/\/enef-concept.com\/srpski\/wp-json\/wp\/v2\/media?parent=24"}],"curies":[{"name":"wp","href":"https:\/\/api.w.org\/{rel}","templated":true}]}}